{"id":37907,"date":"2025-08-21T09:34:30","date_gmt":"2025-08-21T09:34:30","guid":{"rendered":"https:\/\/casaanylanzarote.com\/?page_id=37907"},"modified":"2025-08-22T12:51:59","modified_gmt":"2025-08-22T12:51:59","slug":"politica-di-devoluzioni-e-rimborsi","status":"publish","type":"page","link":"https:\/\/casaanylanzarote.com\/it\/politica-di-devoluzioni-e-rimborsi\/","title":{"rendered":"Politica di devoluzioni e rimborsi"},"content":{"rendered":"\n<p><b>Questa \u00e8 una pagina di esempio.<\/b><\/p>\n\n<h2 class=\"wp-block-heading\">Panoramica<\/h2>\n\n<p>La nostra politica di rimborso e restituzione dura 30 giorni. Se sono trascorsi 30 giorni dall&#8217;acquisto, non possiamo offrire un rimborso completo o una sostituzione. <\/p>\n\n<p>Per poter effettuare un reso, l&#8217;articolo deve essere inutilizzato e nelle stesse condizioni in cui \u00e8 stato ricevuto. Deve inoltre essere nella confezione originale. <\/p>\n\n<p>Diversi tipi di merce non possono essere restituiti. I prodotti deperibili come alimenti, fiori, giornali o riviste non possono essere restituiti. Non accettiamo inoltre prodotti intimi o sanitari, materiali pericolosi, liquidi o gas infiammabili.  <\/p>\n\n<p>Ulteriori articoli non restituibili:<\/p>\n\n<ul class=\"wp-block-list\">\n<li>Carte regalo<\/li>\n<li>Prodotti software scaricabili<\/li>\n<li>Alcuni articoli per la salute e la cura della persona<\/li>\n<\/ul>\n\n<p>Per completare il reso, \u00e8 necessaria una ricevuta o una prova d&#8217;acquisto.<\/p>\n\n<p>Non rispedire l&#8217;acquisto al produttore.<\/p>\n\n<p>In alcune situazioni vengono concessi solo rimborsi parziali:<\/p>\n\n<ul class=\"wp-block-list\">\n<li>Libro con evidenti segni d&#8217;uso<\/li>\n<li>CD, DVD, cassette VHS, software, videogiochi, cassette o dischi in vinile che sono stati aperti.<\/li>\n<li>Qualsiasi articolo non in condizioni originali, danneggiato o mancante di parti per motivi non dovuti a un nostro errore.<\/li>\n<li>Qualsiasi articolo restituito dopo pi\u00f9 di 30 giorni dalla consegna.<\/li>\n<\/ul>\n\n<h2 class=\"wp-block-heading\">Rimborsi<\/h2>\n\n<p>Una volta ricevuto e ispezionato il vostro reso, vi invieremo un&#8217;e-mail per notificarvi che abbiamo ricevuto l&#8217;articolo restituito. Vi comunicheremo inoltre l&#8217;approvazione o il rifiuto del rimborso. <\/p>\n\n<p>Se il rimborso viene approvato, verr\u00e0 elaborato e un credito verr\u00e0 automaticamente applicato alla carta di credito o al metodo di pagamento originale entro un certo numero di giorni.<\/p>\n\n<h3 class=\"wp-block-heading\">Rimborsi in ritardo o mancanti<\/h3>\n\n<p>Se non avete ancora ricevuto il rimborso, controllate di nuovo il vostro conto bancario.<\/p>\n\n<p>Contattate quindi la societ\u00e0 che gestisce la vostra carta di credito: potrebbe volerci un po&#8217; di tempo prima che il rimborso venga ufficialmente inviato.<\/p>\n\n<p>Contattare quindi la propria banca. Spesso ci sono dei tempi di elaborazione prima che il rimborso venga inviato. <\/p>\n\n<p>Se avete fatto tutto questo e non avete ancora ricevuto il rimborso, contattateci a {indirizzo e-mail}.<\/p>\n\n<h3 class=\"wp-block-heading\">Articoli in vendita<\/h3>\n\n<p>Possono essere rimborsati solo gli articoli a prezzo normale. Gli articoli in saldo non possono essere rimborsati. <\/p>\n\n<h2 class=\"wp-block-heading\">Scambi<\/h2>\n\n<p>Sostituiamo gli articoli solo se sono difettosi o danneggiati. Se si desidera sostituire l&#8217;articolo con un altro dello stesso tipo, inviare un&#8217;e-mail a {indirizzo e-mail} e spedire l&#8217;articolo a: {indirizzo fisico}. <\/p>\n\n<h2 class=\"wp-block-heading\">Regali<\/h2>\n\n<p>Se l&#8217;articolo \u00e8 stato contrassegnato come regalo al momento dell&#8217;acquisto e spedito direttamente a voi, riceverete un credito per il valore del vostro reso. Una volta ricevuto l&#8217;articolo restituito, vi verr\u00e0 spedito un buono regalo. <\/p>\n\n<p>Se l&#8217;articolo non \u00e8 stato contrassegnato come regalo al momento dell&#8217;acquisto, o se chi ha fatto il regalo si \u00e8 fatto spedire l&#8217;ordine per consegnarlo in seguito, invieremo un rimborso a chi ha fatto il regalo e verr\u00e0 a conoscenza del vostro reso.<\/p>\n\n<h2 class=\"wp-block-heading\">Resi di spedizione<\/h2>\n\n<p>Per restituire il prodotto, \u00e8 necessario spedirlo a: {indirizzo fisico}.<\/p>\n\n<p>Le spese di spedizione per la restituzione dell&#8217;articolo sono a carico del cliente. Le spese di spedizione non sono rimborsabili. Se si riceve un rimborso, le spese di spedizione per la restituzione saranno detratte dal rimborso.  <\/p>\n\n<p>A seconda del luogo di residenza, i tempi di consegna del prodotto scambiato possono variare.<\/p>\n\n<p>Se si restituiscono articoli pi\u00f9 costosi, si consiglia di utilizzare un servizio di spedizione tracciabile o di acquistare un&#8217;assicurazione sulla spedizione. Non garantiamo di ricevere l&#8217;articolo restituito. <\/p>\n\n<h2 class=\"wp-block-heading\">Avete bisogno di aiuto?<\/h2>\n\n<p>Contattateci all&#8217;indirizzo {email} per domande relative a rimborsi e restituzioni.<\/p>\n","protected":false},"excerpt":{"rendered":"<p>Questa \u00e8 una pagina di esempio. Panoramica La nostra politica di rimborso e restituzione dura 30 giorni. Se sono trascorsi 30 giorni dall&#8217;acquisto, non possiamo offrire un rimborso completo o una sostituzione. Per poter effettuare un reso, l&#8217;articolo deve essere inutilizzato e nelle stesse condizioni in cui \u00e8 stato ricevuto. Deve inoltre essere nella confezione &#8230;<\/p>\n","protected":false},"author":1,"featured_media":0,"parent":0,"menu_order":0,"comment_status":"closed","ping_status":"closed","template":"","meta":{"inline_featured_image":false,"footnotes":""},"class_list":["post-37907","page","type-page","status-publish","hentry"],"_links":{"self":[{"href":"https:\/\/casaanylanzarote.com\/it\/wp-json\/wp\/v2\/pages\/37907","targetHints":{"allow":["GET"]}}],"collection":[{"href":"https:\/\/casaanylanzarote.com\/it\/wp-json\/wp\/v2\/pages"}],"about":[{"href":"https:\/\/casaanylanzarote.com\/it\/wp-json\/wp\/v2\/types\/page"}],"author":[{"embeddable":true,"href":"https:\/\/casaanylanzarote.com\/it\/wp-json\/wp\/v2\/users\/1"}],"replies":[{"embeddable":true,"href":"https:\/\/casaanylanzarote.com\/it\/wp-json\/wp\/v2\/comments?post=37907"}],"version-history":[{"count":0,"href":"https:\/\/casaanylanzarote.com\/it\/wp-json\/wp\/v2\/pages\/37907\/revisions"}],"wp:attachment":[{"href":"https:\/\/casaanylanzarote.com\/it\/wp-json\/wp\/v2\/media?parent=37907"}],"curies":[{"name":"wp","href":"https:\/\/api.w.org\/{rel}","templated":true}]}}